{"id":723,"date":"2016-12-08T21:21:57","date_gmt":"2016-12-08T19:21:57","guid":{"rendered":"http:\/\/www.blueshotel.de\/?page_id=723"},"modified":"2018-04-22T13:22:56","modified_gmt":"2018-04-22T11:22:56","slug":"gaestebuch","status":"publish","type":"page","link":"https:\/\/www.blueshotel.de\/?page_id=723","title":{"rendered":"G\u00e4stebuch"},"content":{"rendered":"<div class=\"gwolle-gb\"><div class=\"gwolle-gb-messages-top-container\"><\/div>\n\t\t\t<form action=\"#\" method=\"POST\" class=\"gwolle-gb-write gwolle-gb-float gwolle-gb-form-ajax gwolle-gb-ajax gwolle-gb-not-logged-in\">\n\t\t\t\t<h3>G\u00e4stebuch<\/h3>\n\t\t\t\t\n\t\t\t\t<input type=\"hidden\" name=\"gwolle_gb_function\" class=\"gwolle_gb_function\" value=\"add_entry\" \/><input type=\"hidden\" name=\"gwolle_gb_book_id\" class=\"gwolle_gb_book_id\" value=\"1\" \/><div class=\"gwolle_gb_cb7c93cb46d7f30164f56477508d3348\">\n\t\t\t\t<div class=\"label\"><label for=\"gwolle_gb_cb7c93cb46d7f30164f56477508d3348-1\" class=\"text-info\">Name <span class=\"required\">*<\/span><\/label><\/div>\n\t\t\t\t<div class=\"input\"><input class=\"wp-exclude-emoji gwolle_gb_cb7c93cb46d7f30164f56477508d3348\" value=\"\" type=\"text\" id=\"gwolle_gb_cb7c93cb46d7f30164f56477508d3348-1\" name=\"gwolle_gb_cb7c93cb46d7f30164f56477508d3348\" required \/><\/div>\n\t\t\t\t<div class=\"clearBoth\">&nbsp;<\/div>\n\t\t\t<\/div><div class=\"gwolle_gb_c0d0584d2f1250f7f6eb013cf56a3e92\">\n\t\t\t\t<div class=\"label\"><label for=\"gwolle_gb_c0d0584d2f1250f7f6eb013cf56a3e92-1\" class=\"text-info\">E-Mail<\/label><\/div>\n\t\t\t\t<div class=\"input\"><input class=\"gwolle_gb_c0d0584d2f1250f7f6eb013cf56a3e92\" value=\"\" type=\"email\" id=\"gwolle_gb_c0d0584d2f1250f7f6eb013cf56a3e92-1\" name=\"gwolle_gb_c0d0584d2f1250f7f6eb013cf56a3e92\" \/><\/div>\n\t\t\t\t<div class=\"clearBoth\">&nbsp;<\/div>\n\t\t\t<\/div><div class=\"gwolle_gb_5394acad37ea1053a8c7084f1922a429\">\n\t\t\t\t<div class=\"label\"><label for=\"gwolle_gb_5394acad37ea1053a8c7084f1922a429-1\" class=\"text-info\">Website<\/label><\/div>\n\t\t\t\t<div class=\"input\"><input class=\"gwolle_gb_5394acad37ea1053a8c7084f1922a429\" value=\"\" type=\"url\" id=\"gwolle_gb_5394acad37ea1053a8c7084f1922a429-1\" name=\"gwolle_gb_5394acad37ea1053a8c7084f1922a429\" \/><\/div>\n\t\t\t\t<div class=\"clearBoth\">&nbsp;<\/div>\n\t\t\t<\/div>\n\t\t\t<div class=\"gwolle_gb_567390f33880f9a503a7d5105762c9eb\" style=\"display:none;overflow:hidden;\" hidden=\"true\" aria-hidden=\"true\">\n\t\t\t\t<div class=\"label\">\n\t\t\t\t\t<label for=\"gwolle_gb_567390f33880f9a503a7d5105762c9eb-1\" class=\"text-primary\">Hier nichts eingeben<\/label>\n\t\t\t\t\t<label for=\"gwolle_gb_0dc2e4f6c3ef86398b8e47b7dd50e193-1\" class=\"text-primary\">Hier nichts eingeben<\/label>\n\t\t\t\t<\/div>\n\t\t\t\t<div class=\"input\">\n\t\t\t\t\t<input value=\"80\" type=\"text\" id=\"gwolle_gb_567390f33880f9a503a7d5105762c9eb-1\" name=\"gwolle_gb_567390f33880f9a503a7d5105762c9eb\" class=\"gwolle_gb_567390f33880f9a503a7d5105762c9eb\" style=\"transform: translateY(10000px);\" \/>\n\t\t\t\t\t<input value=\"\" type=\"text\" name=\"gwolle_gb_0dc2e4f6c3ef86398b8e47b7dd50e193\" id=\"gwolle_gb_0dc2e4f6c3ef86398b8e47b7dd50e193-1\" class=\"gwolle_gb_0dc2e4f6c3ef86398b8e47b7dd50e193\" style=\"transform: translateY(10000px);\" \/>\n\t\t\t\t<\/div>\n\t\t\t\t<div class=\"clearBoth\"><\/div>\n\t\t\t<\/div>\n\t\t\t<div class=\"gwolle_gb_f5bcad247bd56c57d52245c8e1a5dc34\" style=\"display:none;overflow:hidden;\" hidden=\"true\" aria-hidden=\"true\">\n\t\t\t\t<div class=\"label\">\n\t\t\t\t\t<label for=\"gwolle_gb_f5bcad247bd56c57d52245c8e1a5dc34-1\" class=\"text-primary\">Hier nichts eingeben<\/label>\n\t\t\t\t\t<label for=\"gwolle_gb_b2b191d34caa9932f556b45e5765088c-1\" class=\"text-primary\">Hier nichts eingeben<\/label>\n\t\t\t\t<\/div>\n\t\t\t\t<div class=\"input\">\n\t\t\t\t\t<input value=\"6619\" type=\"text\" id=\"gwolle_gb_f5bcad247bd56c57d52245c8e1a5dc34-1\" name=\"gwolle_gb_f5bcad247bd56c57d52245c8e1a5dc34\" class=\"gwolle_gb_f5bcad247bd56c57d52245c8e1a5dc34\" style=\"transform: translateY(10000px);\" \/>\n\t\t\t\t\t<input value=\"6619\" type=\"text\"id=\"gwolle_gb_b2b191d34caa9932f556b45e5765088c-1\" name=\"gwolle_gb_b2b191d34caa9932f556b45e5765088c\" class=\"gwolle_gb_b2b191d34caa9932f556b45e5765088c\" style=\"transform: translateY(10000px);\" \/>\n\t\t\t\t<\/div>\n\t\t\t\t<div class=\"clearBoth\"><\/div>\n\t\t\t<\/div><div class=\"gwolle_gb_content\">\n\t\t\t\t<div class=\"label\"><label for=\"gwolle_gb_content-1\" class=\"text-info\">G\u00e4stebucheintrag <span class=\"required\">*<\/span><\/label><\/div>\n\t\t\t\t<div class=\"input\"><textarea id=\"gwolle_gb_content-1\" name=\"gwolle_gb_content\" class=\"gwolle_gb_content wp-exclude-emoji\" required ><\/textarea><\/div>\n\t\t\t\t\t<div class=\"clearBoth\">&nbsp;<\/div>\n\t\t\t\t<\/div><input type=\"hidden\" class=\"gwolle_gb_dd200ac499401cdae94b76d4225330de\" id=\"gwolle_gb_dd200ac499401cdae94b76d4225330de-1\" name=\"gwolle_gb_dd200ac499401cdae94b76d4225330de\" value=\"e5b1e5d2bd\" \/>\n\t\t\t<div class=\"gwolle-gb-messages-bottom-container\"><\/div>\n\n\t\t\t<noscript><div class=\"no-js\">Warnung: Dieses Formular kann nur verwendet werden, wenn in deinem Browser JavaScript aktiviert ist.<\/div><\/noscript>\n\n\t\t\t<div class=\"gwolle_gb_submit gwolle-gb-submit\">\n\t\t\t\t<div class=\"label gwolle-gb-invisible text-muted\">&nbsp;<\/div>\n\t\t\t\t<div class=\"input\">\n\t\t\t\t\t<input type=\"submit\" name=\"gwolle_gb_submit\" class=\"gwolle_gb_submit button btn btn-primary \" value=\"Absenden\" \/>\n\t\t\t\t\t<span class=\"gwolle_gb_submit_ajax_icon gwolle-gb-submit-ajax-icon\"><\/span>\n\t\t\t\n\t\t\t\t<\/div>\n\t\t\t\t<div class=\"clearBoth\">&nbsp;<\/div>\n\t\t\t<\/div>\n\n\t\t\t<div class=\"gwolle_gb_notice gwolle-gb-notice\">\n\t\t\t\t* Eingabe erforderlich.\n\t\t\t<\/div><\/form>\n\t\t\t\t<div class=\"page-navigation\">\n\t\t\t\t\t<span class=\"screen-reader-text\">Navigation der G\u00e4stebuchliste<\/span><span class=\"page-numbers current\">1<\/span><a href=\"https:\/\/www.blueshotel.de\/?page_id=723&pageNum=2\" title=\"Seite 2\">2<\/a><a href=\"https:\/\/www.blueshotel.de\/?page_id=723&pageNum=3\" title=\"Seite 3\">3<\/a><a href=\"https:\/\/www.blueshotel.de\/?page_id=723&pageNum=4\" title=\"Seite 4\">4<\/a><a href=\"https:\/\/www.blueshotel.de\/?page_id=723&pageNum=5\" title=\"Seite 5\">5<\/a><span class=\"page-numbers dots\">...<\/span><a href=\"https:\/\/www.blueshotel.de\/?page_id=723&pageNum=18\" title=\"Seite 18\">18<\/a><a href=\"https:\/\/www.blueshotel.de\/?page_id=723&pageNum=2\" title=\"N\u00e4chste Seite\" rel=\"next\">&rarr;<\/a><\/div>\n\t\t<div class=\"gwolle-gb-read gwolle-gb-ajax gwolle-gb-entries-list\" data-book_id=\"1\" data-page_id=\"1\">\n\t\t<div id=\"gwolle-gb-total\" class=\"gwolle-gb-total\">179 Eintr\u00e4ge<\/div><!-- Gwolle-GB Entry: Default Template Loaded -->\n\t\t\t\t<div class=\"gb-entry gb-entry_1640 gb-entry-count_1 gwolle-gb-uneven gwolle-gb-first\" id=\"gb-entry_1640\" data-entry_id=\"1640\">\n\t\t\t\t<article>\n\t\t\t\t\t<div class=\"gb-author-info\">\n\t\t\t\t\t\t<span class=\"gb-author-avatar\"><img referrerpolicy=\"no-referrer\" alt='Barbara' src='https:\/\/secure.gravatar.com\/avatar\/892e671a269dc2dfa96d1365faea82ce814c5ae19a888063f2f279b3c20625be?s=32&#038;d=mm&#038;r=g' srcset='https:\/\/secure.gravatar.com\/avatar\/892e671a269dc2dfa96d1365faea82ce814c5ae19a888063f2f279b3c20625be?s=64&#038;d=mm&#038;r=g 2x' class='avatar avatar-32 photo' height='32' width='32' \/><\/span>\n\t\t\t\t\t\t<span class=\"gb-author-name\">Barbara\n\t\t\t\t\t\t<\/span>\n\t\t\t\t\t\t<span class=\"gb-datetime\">\n\t\t\t\t\t\t\t<span class=\"gb-date\"><span class=\"gb-date-wrote-text\"> schrieb am<\/span><span class=\"gb-date-text\"> Dezember 19, 2025<\/span>\n\t\t\t\t\t\t\t<\/span>\n\t\t\t\t\t\t<\/span> \n\t\t\t\t\t<\/div>\n\t\t\t\t\t<div class=\"gb-entry-content\">Die Show heute Abend war toll - die Badeline mir etwas zu eint\u00f6nig -;sorry\n\t\t\t\t\t<\/div>\n\t\t\t\t<\/article>\n\t\t\t<\/div>\n\t\t\t<div class=\"gb-entry gb-entry_1599 gb-entry-count_2 gwolle-gb-even\" id=\"gb-entry_1599\" data-entry_id=\"1599\">\n\t\t\t\t<article>\n\t\t\t\t\t<div class=\"gb-author-info\">\n\t\t\t\t\t\t<span class=\"gb-author-avatar\"><img referrerpolicy=\"no-referrer\" alt='Marion' src='https:\/\/secure.gravatar.com\/avatar\/?s=32&#038;d=mm&#038;r=g' srcset='https:\/\/secure.gravatar.com\/avatar\/?s=64&#038;d=mm&#038;r=g 2x' class='avatar avatar-32 photo avatar-default' height='32' width='32' \/><\/span>\n\t\t\t\t\t\t<span class=\"gb-author-name\">Marion\n\t\t\t\t\t\t<\/span>\n\t\t\t\t\t\t<span class=\"gb-datetime\">\n\t\t\t\t\t\t\t<span class=\"gb-date\"><span class=\"gb-date-wrote-text\"> schrieb am<\/span><span class=\"gb-date-text\"> August 4, 2025<\/span>\n\t\t\t\t\t\t\t<\/span>\n\t\t\t\t\t\t<\/span> \n\t\t\t\t\t<\/div>\n\t\t\t\t\t<div class=\"gb-entry-content\">Wir durften euch am Samstag in Neckargem\u00fcnd das erste Mal h\u00f6ren und sind begeistert! Es wird nicht das letzte Mal sein. Wir freuen uns sehr, dass ihr den Blues hier in der Region spielt und \u201eam Leben erhaltet\u201c. Herzlichen Dank!\n\t\t\t\t\t<\/div>\n\t\t\t\t<\/article>\n\t\t\t<\/div>\n\t\t\t<div class=\"gb-entry gb-entry_1544 gb-entry-count_3 gwolle-gb-uneven\" id=\"gb-entry_1544\" data-entry_id=\"1544\">\n\t\t\t\t<article>\n\t\t\t\t\t<div class=\"gb-author-info\">\n\t\t\t\t\t\t<span class=\"gb-author-avatar\"><img referrerpolicy=\"no-referrer\" alt='Klaus Prudlo' src='https:\/\/secure.gravatar.com\/avatar\/269c52e1fce9f2fa1ce536cbc7d53fa0d7938e362c6f58a855d416d7a2b45918?s=32&#038;d=mm&#038;r=g' srcset='https:\/\/secure.gravatar.com\/avatar\/269c52e1fce9f2fa1ce536cbc7d53fa0d7938e362c6f58a855d416d7a2b45918?s=64&#038;d=mm&#038;r=g 2x' class='avatar avatar-32 photo' height='32' width='32' \/><\/span>\n\t\t\t\t\t\t<span class=\"gb-author-name\">Klaus Prudlo\n\t\t\t\t\t\t<\/span>\n\t\t\t\t\t\t<span class=\"gb-datetime\">\n\t\t\t\t\t\t\t<span class=\"gb-date\"><span class=\"gb-date-wrote-text\"> schrieb am<\/span><span class=\"gb-date-text\"> M\u00e4rz 16, 2025<\/span>\n\t\t\t\t\t\t\t<\/span>\n\t\t\t\t\t\t<\/span> \n\t\t\t\t\t<\/div>\n\t\t\t\t\t<div class=\"gb-entry-content\">Gestern in Daisbach. Toller Abend mit\n\t\t\t\t\t<\/div>\n\t\t\t\t<\/article>\n\t\t\t<\/div>\n\t\t\t<div class=\"gb-entry gb-entry_1453 gb-entry-count_4 gwolle-gb-even\" id=\"gb-entry_1453\" data-entry_id=\"1453\">\n\t\t\t\t<article>\n\t\t\t\t\t<div class=\"gb-author-info\">\n\t\t\t\t\t\t<span class=\"gb-author-avatar\"><img referrerpolicy=\"no-referrer\" alt='Martin Glauert' src='https:\/\/secure.gravatar.com\/avatar\/580bd61478c020498b07b7eb977d3af6b53844669936e6ca43053b02c200a61e?s=32&#038;d=mm&#038;r=g' srcset='https:\/\/secure.gravatar.com\/avatar\/580bd61478c020498b07b7eb977d3af6b53844669936e6ca43053b02c200a61e?s=64&#038;d=mm&#038;r=g 2x' class='avatar avatar-32 photo' height='32' width='32' \/><\/span>\n\t\t\t\t\t\t<span class=\"gb-author-name\">Martin Glauert\n\t\t\t\t\t\t<\/span>\n\t\t\t\t\t\t<span class=\"gb-datetime\">\n\t\t\t\t\t\t\t<span class=\"gb-date\"><span class=\"gb-date-wrote-text\"> schrieb am<\/span><span class=\"gb-date-text\"> Oktober 2, 2022<\/span>\n\t\t\t\t\t\t\t<\/span>\n\t\t\t\t\t\t<\/span> \n\t\t\t\t\t<\/div>\n\t\t\t\t\t<div class=\"gb-entry-content\">Liebe Leute!<br \/>\r\nLetzte Nacht konnte ich nicht einschlafen und da kam mir eine Erinnerung. Am 26. Mai trafen wir f\u00fcr einen kleinen Wanderurlaub im Hotel Annaberg in Ungstein ein. Hungrig und durstig. Im Garten gab es nicht nur lecker zu essen und zu trinken, sondern auch Musik. Rolling Stones. Was anfangs nur als Hintergrundmusik daher kam, entpuppte sich als brillianter Gig. Ich habs mir dann aus der N\u00e4he angeschaut. Die Stimme des S\u00e4ngers: urig und voller Leidenschaft, dabei cool im Sitzen. Der Drummer trotz der Hitze ein Feuerwerk. Rhythmusgitarre brav mitgespielt, einwandfrei. Die Leadgitarre akustisch und verst\u00e4rkt, ein Hochgenuss. Glasklar, scharf wie eine Rasierklinge, die Soli genial. Ich k\u00f6nnte jauchzen vor Freude! Alles stimmte. Beim Midnight Rambler dachten die unbedarften Zuh\u00f6rer in der Mitte, das St\u00fcck sei vorbei. Dabei war die Regie perfekt. Ihr habt es so gut gemacht! Ich bin jetzt noch dankbar!!! Verneigung und chapeau!<br \/>\r\nEuer schlafloser Martin\n\t\t\t\t\t<\/div>\n\t\t\t\t<\/article>\n\t\t\t<\/div>\n\t\t\t<div class=\"gb-entry gb-entry_1448 gb-entry-count_5 gwolle-gb-uneven\" id=\"gb-entry_1448\" data-entry_id=\"1448\">\n\t\t\t\t<article>\n\t\t\t\t\t<div class=\"gb-author-info\">\n\t\t\t\t\t\t<span class=\"gb-author-avatar\"><img referrerpolicy=\"no-referrer\" alt='Ms_Sixty' src='https:\/\/secure.gravatar.com\/avatar\/?s=32&#038;d=mm&#038;r=g' srcset='https:\/\/secure.gravatar.com\/avatar\/?s=64&#038;d=mm&#038;r=g 2x' class='avatar avatar-32 photo avatar-default' height='32' width='32' \/><\/span>\n\t\t\t\t\t\t<span class=\"gb-author-name\">Ms_Sixty\n\t\t\t\t\t\t<\/span>\n\t\t\t\t\t\t<span class=\"gb-datetime\">\n\t\t\t\t\t\t\t<span class=\"gb-date\"><span class=\"gb-date-wrote-text\"> schrieb am<\/span><span class=\"gb-date-text\"> September 11, 2022<\/span>\n\t\t\t\t\t\t\t<\/span>\n\t\t\t\t\t\t<\/span> \n\t\t\t\t\t<\/div>\n\t\t\t\t\t<div class=\"gb-entry-content\">Geile Mucke hier am Annaberg. Hat Spa\u00df gemacht! Und den Dalmatinern hat\u2018s auch gefallen ? Gerne mal wieder\n\t\t\t\t\t<\/div>\n\t\t\t\t<\/article>\n\t\t\t<\/div>\n\t\t\t<div class=\"gb-entry gb-entry_1325 gb-entry-count_6 gwolle-gb-even\" id=\"gb-entry_1325\" data-entry_id=\"1325\">\n\t\t\t\t<article>\n\t\t\t\t\t<div class=\"gb-author-info\">\n\t\t\t\t\t\t<span class=\"gb-author-avatar\"><img referrerpolicy=\"no-referrer\" alt='Ernst Wolf' src='https:\/\/secure.gravatar.com\/avatar\/afce35a97d83a2679a9ac730cf579bfd14ccc9e36b4380a564913a4b221e7f8f?s=32&#038;d=mm&#038;r=g' srcset='https:\/\/secure.gravatar.com\/avatar\/afce35a97d83a2679a9ac730cf579bfd14ccc9e36b4380a564913a4b221e7f8f?s=64&#038;d=mm&#038;r=g 2x' class='avatar avatar-32 photo' height='32' width='32' \/><\/span>\n\t\t\t\t\t\t<span class=\"gb-author-name\">Ernst Wolf\n\t\t\t\t\t\t<\/span>\n\t\t\t\t\t\t<span class=\"gb-datetime\">\n\t\t\t\t\t\t\t<span class=\"gb-date\"><span class=\"gb-date-wrote-text\"> schrieb am<\/span><span class=\"gb-date-text\"> Juli 7, 2021<\/span>\n\t\t\t\t\t\t\t<\/span>\n\t\t\t\t\t\t<\/span> \n\t\t\t\t\t<\/div>\n\t\t\t\t\t<div class=\"gb-entry-content\">Heute im Luisenpark auf der Seeb\u00fchne! Ein tolles Konzert nach 9 Monaten Pause! Jungs ihr habt nichts verlernt und die Spielfreude war euch absolut anzusehen! Weiter so und wir freuen uns schon auf Lampertheim!<br \/>\r\nLiebe Gr\u00fc\u00dfe Krisztina und Ernst\n\t\t\t\t\t<\/div>\n\t\t\t\t<\/article>\n\t\t\t<\/div>\n\t\t\t<div class=\"gb-entry gb-entry_995 gb-entry-count_7 gwolle-gb-uneven\" id=\"gb-entry_995\" data-entry_id=\"995\">\n\t\t\t\t<article>\n\t\t\t\t\t<div class=\"gb-author-info\">\n\t\t\t\t\t\t<span class=\"gb-author-avatar\"><img referrerpolicy=\"no-referrer\" alt='Carmen Holl\u00e4nder' src='https:\/\/secure.gravatar.com\/avatar\/?s=32&#038;d=mm&#038;r=g' srcset='https:\/\/secure.gravatar.com\/avatar\/?s=64&#038;d=mm&#038;r=g 2x' class='avatar avatar-32 photo avatar-default' height='32' width='32' \/><\/span>\n\t\t\t\t\t\t<span class=\"gb-author-name\">Carmen Holl\u00e4nder\n\t\t\t\t\t\t<\/span>\n\t\t\t\t\t\t<span class=\"gb-datetime\">\n\t\t\t\t\t\t\t<span class=\"gb-date\"><span class=\"gb-date-wrote-text\"> schrieb am<\/span><span class=\"gb-date-text\"> August 30, 2020<\/span>\n\t\t\t\t\t\t\t<\/span>\n\t\t\t\t\t\t<\/span> \n\t\t\t\t\t<\/div>\n\t\t\t\t\t<div class=\"gb-entry-content\">Dankesch\u00f6n an euch Jungs von Blues Hotel und an die beiden Gastgeber Giesela und Roger vom Kaffee K\u00d6 neun das war ein mega sch\u00f6nes Fest heute ?\n\t\t\t\t\t<\/div>\n\t\t\t\t<\/article>\n\t\t\t<\/div>\n\t\t\t<div class=\"gb-entry gb-entry_993 gb-entry-count_8 gwolle-gb-even\" id=\"gb-entry_993\" data-entry_id=\"993\">\n\t\t\t\t<article>\n\t\t\t\t\t<div class=\"gb-author-info\">\n\t\t\t\t\t\t<span class=\"gb-author-avatar\"><img referrerpolicy=\"no-referrer\" alt='Michael' src='https:\/\/secure.gravatar.com\/avatar\/?s=32&#038;d=mm&#038;r=g' srcset='https:\/\/secure.gravatar.com\/avatar\/?s=64&#038;d=mm&#038;r=g 2x' class='avatar avatar-32 photo avatar-default' height='32' width='32' \/><\/span>\n\t\t\t\t\t\t<span class=\"gb-author-name\">Michael\n\t\t\t\t\t\t<\/span>\n\t\t\t\t\t\t<span class=\"gb-datetime\">\n\t\t\t\t\t\t\t<span class=\"gb-date\"><span class=\"gb-date-wrote-text\"> schrieb am<\/span><span class=\"gb-date-text\"> Juli 25, 2020<\/span>\n\t\t\t\t\t\t\t<\/span>\n\t\t\t\t\t\t<\/span> \n\t\t\t\t\t<\/div>\n\t\t\t\t\t<div class=\"gb-entry-content\">Danke f\u00fcr diesen sch\u00f6nen Abend. Auch in diese Zeiten ist zum Gl\u00fcck so etwas m\u00f6glich und gerade jetzt auch notwendig. Tolle Stimmung und nette G\u00e4ste. Vorallendingen aber eine super Band und tolles Repertoire.\n\t\t\t\t\t<\/div>\n\t\t\t\t<\/article>\n\t\t\t<\/div>\n\t\t\t<div class=\"gb-entry gb-entry_851 gb-entry-count_9 gwolle-gb-uneven\" id=\"gb-entry_851\" data-entry_id=\"851\">\n\t\t\t\t<article>\n\t\t\t\t\t<div class=\"gb-author-info\">\n\t\t\t\t\t\t<span class=\"gb-author-avatar\"><img referrerpolicy=\"no-referrer\" alt='Stefan' src='https:\/\/secure.gravatar.com\/avatar\/6cc44e393660a8d32ca44ecc229108f9e67c1721f8f95187ce32dc052bee355f?s=32&#038;d=mm&#038;r=g' srcset='https:\/\/secure.gravatar.com\/avatar\/6cc44e393660a8d32ca44ecc229108f9e67c1721f8f95187ce32dc052bee355f?s=64&#038;d=mm&#038;r=g 2x' class='avatar avatar-32 photo' height='32' width='32' \/><\/span>\n\t\t\t\t\t\t<span class=\"gb-author-name\">Stefan\n\t\t\t\t\t\t<\/span>\n\t\t\t\t\t\t<span class=\"gb-datetime\">\n\t\t\t\t\t\t\t<span class=\"gb-date\"><span class=\"gb-date-wrote-text\"> schrieb am<\/span><span class=\"gb-date-text\"> Februar 14, 2020<\/span>\n\t\t\t\t\t\t\t<\/span>\n\t\t\t\t\t\t<\/span> \n\t\t\t\t\t<\/div>\n\t\t\t\t\t<div class=\"gb-entry-content\">Hallo, wir waren gestern Abend das erste mal im Schatzkistl und h\u00f6rten euch zum ersten Mal.<br \/>\r\nEin sehr gelungener unplugged Auftritt, musikalisch topp, runder angenehmer akkustik Sound. <br \/>\r\nAlles sehr gute sympatische Musiker.<br \/>\r\nGenau mein Geschmack!<br \/>\r\nVielen Dank daf\u00fcr...<br \/>\r\nBis zum n\u00e4chsten Mal, kann ich nur jedem empfehlen.\n\t\t\t\t\t<\/div>\n\t\t\t\t<\/article>\n\t\t\t<\/div>\n\t\t\t<div class=\"gb-entry gb-entry_823 gb-entry-count_10 gwolle-gb-even\" id=\"gb-entry_823\" data-entry_id=\"823\">\n\t\t\t\t<article>\n\t\t\t\t\t<div class=\"gb-author-info\">\n\t\t\t\t\t\t<span class=\"gb-author-avatar\"><img referrerpolicy=\"no-referrer\" alt='Uli' src='https:\/\/secure.gravatar.com\/avatar\/6b06748ecee5b851d0ebbb63fa4d46fa2e57d701e636fabcfefaa48c97d42191?s=32&#038;d=mm&#038;r=g' srcset='https:\/\/secure.gravatar.com\/avatar\/6b06748ecee5b851d0ebbb63fa4d46fa2e57d701e636fabcfefaa48c97d42191?s=64&#038;d=mm&#038;r=g 2x' class='avatar avatar-32 photo' height='32' width='32' \/><\/span>\n\t\t\t\t\t\t<span class=\"gb-author-name\">Uli\n\t\t\t\t\t\t<\/span>\n\t\t\t\t\t\t<span class=\"gb-datetime\">\n\t\t\t\t\t\t\t<span class=\"gb-date\"><span class=\"gb-date-wrote-text\"> schrieb am<\/span><span class=\"gb-date-text\"> Januar 24, 2020<\/span>\n\t\t\t\t\t\t\t<\/span>\n\t\t\t\t\t\t<\/span> \n\t\t\t\t\t<\/div>\n\t\t\t\t\t<div class=\"gb-entry-content\">Wieder mal ein sch\u00f6ner Musikevent im KARL in HD. Habe euch schon \u00f6fters gesehen und geh\u00f6rt und bin jedes mal begeistert. Super Musiker und Songauswahl - es stimmt einfach alles. TOP!!! Weiter so.<br \/>\r\nHoffe ihr seid dieses Jahr wieder oft im Raum HD pr\u00e4sent, w\u00fcrde mich sehr freuen.\n\t\t\t\t\t<\/div>\n\t\t\t\t<\/article>\n\t\t\t<\/div>\n\t\t\t<\/div>\n\t\t\t\t<div class=\"page-navigation\">\n\t\t\t\t\t<span class=\"screen-reader-text\">Navigation der G\u00e4stebuchliste<\/span><span class=\"page-numbers current\">1<\/span><a href=\"https:\/\/www.blueshotel.de\/?page_id=723&pageNum=2\" title=\"Seite 2\">2<\/a><a href=\"https:\/\/www.blueshotel.de\/?page_id=723&pageNum=3\" title=\"Seite 3\">3<\/a><a href=\"https:\/\/www.blueshotel.de\/?page_id=723&pageNum=4\" title=\"Seite 4\">4<\/a><a href=\"https:\/\/www.blueshotel.de\/?page_id=723&pageNum=5\" title=\"Seite 5\">5<\/a><span class=\"page-numbers dots\">...<\/span><a href=\"https:\/\/www.blueshotel.de\/?page_id=723&pageNum=18\" title=\"Seite 18\">18<\/a><a href=\"https:\/\/www.blueshotel.de\/?page_id=723&pageNum=2\" title=\"N\u00e4chste Seite\" rel=\"next\">&rarr;<\/a><\/div>\n\t\t<\/div>\n","protected":false},"excerpt":{"rendered":"<p>\u00a0<\/p>\n","protected":false},"author":1,"featured_media":0,"parent":0,"menu_order":9,"comment_status":"closed","ping_status":"closed","template":"","meta":{"footnotes":""},"class_list":["post-723","page","type-page","status-publish","hentry"],"_links":{"self":[{"href":"https:\/\/www.blueshotel.de\/index.php?rest_route=\/wp\/v2\/pages\/723","targetHints":{"allow":["GET"]}}],"collection":[{"href":"https:\/\/www.blueshotel.de\/index.php?rest_route=\/wp\/v2\/pages"}],"about":[{"href":"https:\/\/www.blueshotel.de\/index.php?rest_route=\/wp\/v2\/types\/page"}],"author":[{"embeddable":true,"href":"https:\/\/www.blueshotel.de\/index.php?rest_route=\/wp\/v2\/users\/1"}],"replies":[{"embeddable":true,"href":"https:\/\/www.blueshotel.de\/index.php?rest_route=%2Fwp%2Fv2%2Fcomments&post=723"}],"version-history":[{"count":0,"href":"https:\/\/www.blueshotel.de\/index.php?rest_route=\/wp\/v2\/pages\/723\/revisions"}],"wp:attachment":[{"href":"https:\/\/www.blueshotel.de\/index.php?rest_route=%2Fwp%2Fv2%2Fmedia&parent=723"}],"curies":[{"name":"wp","href":"https:\/\/api.w.org\/{rel}","templated":true}]}}