{"id":4,"date":"2008-06-22T05:11:30","date_gmt":"2008-06-22T10:11:30","guid":{"rendered":"http:\/\/www.blueshotel.de\/?page_id=4"},"modified":"2017-07-02T13:14:56","modified_gmt":"2017-07-02T11:14:56","slug":"band","status":"publish","type":"page","link":"https:\/\/www.blueshotel.de\/?page_id=4","title":{"rendered":"Band"},"content":{"rendered":"<h4 style=\"text-align: left;\">Band<\/h4>\n<table border=\"0\" cellspacing=\"20\">\n<tbody>\n<tr>\n<td>\n<p class=\"MsoNormal\" style=\"text-align: left;\"><span style=\"font-size: 9pt;\">Wir, Matthias Mautner, HP<\/span><span style=\"font-size: 9pt;\"> Ancho<\/span><span style=\"font-size: 9pt;\">, Berkant Taskiran, Bernd Kettler und Carsten Reiter sind das BluesBackup im Zeitalter glattproduzierter Pop-H\u00e4schen und BluesBeistand in st\u00e4ndiger BluesBereitschaft!<\/span><\/p>\n<p style=\"text-align: left;\">Trainiert wird w\u00f6chentlich in ehrlichem Ambiente zwischen Schmierstofffabrik und M\u00fcllheizkraftwerk im Industriegebiet Mannheim\/Friesenheim, wo wir nebst Headbangern, Hip-Hopern und anderen Arten des musikalischen Kosmos\u2019 ein tolerantes Dasein pflegen. Der Blues ist f\u00fcr uns eine Passion: Wir machen echte Musik mit Feeling und ordentlichem Groove, keinen stressigen Technikwahn. BluesHotel ist ein bisschen wie Fr\u00fches von Fleetwood Mac, Muddy Waters, Stevie Ray Vaughan und ZZ Top.<\/p>\n<\/td>\n<td><img loading=\"lazy\" decoding=\"async\" class=\"alignnone size-medium wp-image-30\" title=\"Foto: Karl-Heinz Pfeiffer\" src=\"http:\/\/blueshotel.de\/wordpress\/wp-content\/uploads\/band\/band-totale.jpg\" alt=\"In Aktion!\" width=\"300\" height=\"179\" \/><\/td>\n<\/tr>\n<\/tbody>\n<\/table>\n<table border=\"0\" cellspacing=\"20\">\n<tbody>\n<tr>\n<td>\n<p class=\"MsoNormal\" style=\"text-align: left;\"><strong><span style=\"font-size: 9pt;\">Matthias Mautner<\/span><\/strong><span style=\"font-size: 9pt;\"> (Gesang &amp; Bluesharp) hat in den letzten Jahren den Bands Stone Age, Cold Turkey und Mojo Blue seine Stimme geliehen. Bereits im Kindesalter fr\u00f6nte er mit Kassettenrekorder und Mikro seiner Leidenschaft, der Musik aus den 60\u2019er und 70\u2019er Jahren. Er ist eine Art wandelndes Rock-Lexikon, kennt jede einschl\u00e4gige Scheibe von Kalifornien bis Kasachstan und glaubt an Eric Burdon, Mick Jagger und Joe Cocker. In der Vergangenheit h\u00f6rte und sah man ihn unter anderem in den Clubs Batschkapp und Spritzehaus (Frankfurt a.M.), Karlstorbahnhof, Kulturfenster, Marstall (Heidelberg), Kulturzentrum dasHaus (Ludwigshafen), im Alten Bahnhof Mannheim und im Gr\u00fcnen Baum Schwetzingen.<\/span><\/p>\n<\/td>\n<td><img loading=\"lazy\" decoding=\"async\" class=\"alignnone size-thumbnail wp-image-21\" title=\"Matthias\" src=\"http:\/\/blueshotel.de\/wordpress\/wp-content\/uploads\/band\/matthias.jpg\" alt=\"The Voice\" width=\"150\" height=\"150\" \/><\/td>\n<\/tr>\n<tr>\n<td>\n<p class=\"MsoNormal\"><strong><span style=\"font-size: 9pt;\">HP Ancho<\/span><\/strong><span style=\"font-size: 9pt;\"> (Gitarre\/Slide &amp; Backgroundvocals): Als der Liter Normalbenzin noch 83,1 Pfennig kostete und die Republik mit BoneyM langsam aber sicher dem Discofieber erlag, entdeckte er seine Liebe zur Gitarre: Pedro Ancho fr\u00f6nt ihr seit nunmehr fast 30 Jahren. Seitdem trieb es ihn durch so manche Stilrichtung wie Soul, Rock, Funk, Country oder gar Orchestermusik, allerdings ohne die Mutter aller Genres zu vernachl\u00e4ssigen: Den Blues. Er wirkte in einigen einschl\u00e4gigen Formationen wie Billy &amp; the Kids oder Hokey mit und kaum einer kam an ihm vorbei, der &#8211; wie er &#8211; im Spirit von Billy Gibbons oder Keith Richards unterwegs ist. Immer auf der Suche nach dem richtigen Ton und auf den Spuren des Gro\u00dfmeisters Johnny Winter fand er vor Kurzem den Weg zu BluesHotel. Die Gitarre ist seine gro\u00dfe Leidenschaft, aber er kann auch rennen, wie er schon bei vielen Marathonl\u00e4ufen bewiesen hat!<\/span><\/p>\n<\/td>\n<td><img loading=\"lazy\" decoding=\"async\" class=\"alignnone size-thumbnail wp-image-22\" title=\"Pedro\" src=\"http:\/\/blueshotel.de\/wordpress\/wp-content\/uploads\/band\/Pedro.jpg\" alt=\"The Slider\" width=\"150\" height=\"150\" \/><\/td>\n<\/tr>\n<tr>\n<td>\n<p class=\"MsoNormal\"><strong><span style=\"font-size: 9pt;\">Berkant Taskiran<\/span><\/strong><span style=\"font-size: 9pt;\"> (Gitarre &amp; Backgroundvocals), der leidenschaftliche Musiker aus den Swamps von Istanbul ist der j\u00fcngste Bewohner des BluesHotels, dennoch hat er sich innerhalb k\u00fcrzester Zeit zu einer festen Gr\u00f6\u00dfe in der Band etabliert. Kein Wunder! Fr\u00f6nt er doch seit einer gef\u00fchlten Ewigkeit seiner Leidenschaft zur E-Gitarre. Berkant stand schon auf den gro\u00dfen B\u00fchnen von Istanbul. KumSaati Blues Club, Nina Jazz &amp; Blues &amp; Rock&#8217;n Roll Club Bar, Caz\/Blues, Shaftclub usw. Er hat es im Rahmen einer Tournee bis nach Br\u00fcssel (Brussels Rhythm and Blues Club) geschafft. Bands aus den verschiedensten musikalischen Genres schm\u00fccken seinen musikalischen Weg wie z.B. Pascal,<br \/>\nGonzo (Free Jazz -instrumental\/experimental), Anima (Bluesrock), tilkitilki (T\u00fcrkischrock). Zur Gitarre haben Berkant insbesondere Marc Ford, Buddy Guy und Stevie Ray Vaughan inspiriert. Sein Motto lautet \u201cAlles, was man zum Leben braucht, ist Nutella\u201d.<\/span><\/p>\n<\/td>\n<td><img loading=\"lazy\" decoding=\"async\" class=\"alignnone size-thumbnail wp-image-22\" title=\"Berkant\" src=\"http:\/\/blueshotel.de\/wordpress\/wp-content\/uploads\/band\/Berkant.jpg\" alt=\"Gitarre\" width=\"150\" height=\"150\" \/><\/td>\n<\/tr>\n<tr>\n<td>\n<p class=\"MsoNormal\" style=\"text-align: left;\"><strong><span style=\"font-size: 9pt;\">Carsten Reiter<\/span><\/strong> (Bass) ist der Gro\u00dfvater des Hotels, und bei weitem kein Unbekannter in der Szene. Ende der 90\u2018er wurde mit Us2U vom SWR3 zur &#8222;wildesten Band im Wilden S\u00fcden&#8220; gek\u00fcrt und hat u.a. B\u00fchnen mit Bands wie Supercharge und den Temptations geteilt. \u00dcber diverse BluesRockformationen wie Foxxy Lady und Crank hat er nun seine musikalische Heimat bei Blues Hotel gefunden. Carsten liebt und lebt den Mix verschiedenster Musikstile, bevorzugt jedoch Rhythm\u2019n Blues mit Funk und Soulelementen wie bei James Brown, Ten Years After, Prince, Stevie Wonder, und st\u00f6\u00dft damit bei seinen Bandkollegen auf offene Ohren. Getreu seinem Motto \u201eBasser sind b\u00c4sser\u201c dr\u00fcckt er BluesHotel einen unverkennbaren Groovestempel auf. Seine B\u00fchnenperformance? Die Bluesbrothers sind langweilige Firmlinge gegen ihn &#8211; cool as cool can!<\/p>\n<\/td>\n<td><img loading=\"lazy\" decoding=\"async\" class=\"alignnone size-thumbnail wp-image-24\" title=\"Carsten\" src=\"http:\/\/blueshotel.de\/wordpress\/wp-content\/uploads\/band\/Carsten.jpg\" alt=\"Groover\" width=\"150\" height=\"150\" \/><\/td>\n<\/tr>\n<tr>\n<td>\n<p class=\"MsoNormal\" style=\"text-align: left;\"><strong><span style=\"font-size: 9pt;\">Bernd Kettler <\/span><\/strong><span style=\"font-size: 9pt;\"> (Schlagzeug) hat nach 5 Jahren seine Drums wieder im Proberaum von Blueshotel aufgestellt. Bernd hat seit seinem 15. Lebensjahr verschiedene Rhythm&#8217;n Blues-, Jazz- und Countryformationen im Raum Bergstra\u00dfe an die Wand getrommelt (Bonanzaz, Tina Harrison &amp; Dirty Job und andere). Das zuweilen au\u00dferirdische Temperament seines Bassisten bzw. das seines S\u00e4ngers ertr\u00e4gt er mit der Gleichmut und leitet es direkt an seine Drumsticks weiter. Bernd schw\u00f6rt auf Steve Gadd und Vinni Colaiuta. Sein druckvolles Spiel und seinen unverwechslbaren Groove durfte man schon im Muddy&#8217;s Club, im Jazzkeller Heidelberg, in Gehrings Kommode und im Neckartal. Sein Credo ist &#8222;trommeln, trommeln und trommeln&#8220;.<\/span><\/p>\n<\/td>\n<td><img loading=\"lazy\" decoding=\"async\" class=\"alignnone size-thumbnail wp-image-25\" title=\"Bernd\" src=\"http:\/\/blueshotel.de\/wordpress\/wp-content\/uploads\/band\/Bernd.jpg\" alt=\"Bum-Tcha-Man\" width=\"150\" height=\"150\" \/><\/td>\n<\/tr>\n<\/tbody>\n<\/table>\n","protected":false},"excerpt":{"rendered":"<p>Band Wir, Matthias Mautner, HP Ancho, Berkant Taskiran, Bernd Kettler und Carsten Reiter sind das BluesBackup im Zeitalter glattproduzierter Pop-H\u00e4schen und BluesBeistand in st\u00e4ndiger BluesBereitschaft! Trainiert wird w\u00f6chentlich in ehrlichem Ambiente zwischen Schmierstofffabrik und M\u00fcllheizkraftwerk im Industriegebiet Mannheim\/Friesenheim, wo wir nebst Headbangern, Hip-Hopern und anderen Arten des musikalischen Kosmos\u2019 ein tolerantes Dasein pflegen. Der Blues [&hellip;]<\/p>\n","protected":false},"author":1,"featured_media":0,"parent":0,"menu_order":2,"comment_status":"closed","ping_status":"closed","template":"","meta":{"footnotes":""},"class_list":["post-4","page","type-page","status-publish","hentry"],"_links":{"self":[{"href":"https:\/\/www.blueshotel.de\/index.php?rest_route=\/wp\/v2\/pages\/4","targetHints":{"allow":["GET"]}}],"collection":[{"href":"https:\/\/www.blueshotel.de\/index.php?rest_route=\/wp\/v2\/pages"}],"about":[{"href":"https:\/\/www.blueshotel.de\/index.php?rest_route=\/wp\/v2\/types\/page"}],"author":[{"embeddable":true,"href":"https:\/\/www.blueshotel.de\/index.php?rest_route=\/wp\/v2\/users\/1"}],"replies":[{"embeddable":true,"href":"https:\/\/www.blueshotel.de\/index.php?rest_route=%2Fwp%2Fv2%2Fcomments&post=4"}],"version-history":[{"count":1,"href":"https:\/\/www.blueshotel.de\/index.php?rest_route=\/wp\/v2\/pages\/4\/revisions"}],"predecessor-version":[{"id":1278,"href":"https:\/\/www.blueshotel.de\/index.php?rest_route=\/wp\/v2\/pages\/4\/revisions\/1278"}],"wp:attachment":[{"href":"https:\/\/www.blueshotel.de\/index.php?rest_route=%2Fwp%2Fv2%2Fmedia&parent=4"}],"curies":[{"name":"wp","href":"https:\/\/api.w.org\/{rel}","templated":true}]}}