{"id":1370,"date":"2025-05-12T11:34:22","date_gmt":"2025-05-12T10:34:22","guid":{"rendered":"http:\/\/www.blueshotel.de\/?page_id=1370"},"modified":"2025-05-12T11:46:14","modified_gmt":"2025-05-12T10:46:14","slug":"datenschutzerklaerung","status":"publish","type":"page","link":"https:\/\/www.blueshotel.de\/?page_id=1370","title":{"rendered":"Datenschutzerkl\u00e4rung"},"content":{"rendered":"\n<p><\/p>\n\n\n\n<p><strong>Grundlegendes<\/strong><br>Diese Datenschutzerkl\u00e4rung soll die Nutzer dieser WordPress-Website \u00fcber die Art, den Umfang und den Zweck der Erhebung und Verwendung personenbezogener Daten durch den Websitebetreiber Matthias Mautner, c\/o Redbox, KR2, Neckarauer Str. 14, 68199 Mannheim, info aett blueshotel punkt de informieren.<\/p>\n\n\n\n<p>Der Websitebetreiber nimmt Ihren Datenschutz sehr ernst und behandelt Ihre personenbezogenen Daten vertraulich und entsprechend der gesetzlichen Vorschriften. Da durch neue Technologien und die st\u00e4ndige Weiterentwicklung dieser Webseite \u00c4nderungen an dieser Datenschutzerkl\u00e4rung vorgenommen werden k\u00f6nnen, empfehlen wir Ihnen sich die Datenschutzerkl\u00e4rung in regelm\u00e4\u00dfigen Abst\u00e4nden wieder durchzulesen.<\/p>\n\n\n\n<p>Definitionen der verwendeten Begriffe (z.B. \u201cpersonenbezogene Daten\u201d oder \u201cVerarbeitung\u201d) finden Sie in Art. 4 DSGVO.<\/p>\n\n\n\n<p>Die Datenverarbeitung auf dieser Website erfolgt durch den Website-Host Europe GmbH, Hansestrasse 111, 51149 K\u00f6ln, Tel.: 02203 99341040, E-Mail: info@hosteurope.de, Website: www.hosteurope.de. Die Host Europe GmbH ist unser Auftragsdatenverarbeiter, mit dem ein Auftragsverarbeitungsvertrag (AV) zur Absicherung Ihrer Daten auf Grundlage des Art. 28 DSGVO besteht und der, um eine Manipulation, einen Verlust oder einen Missbrauch Ihrer gespeicherten Daten zu vermeiden, umfangreiche technische und organisatorische Sicherheitsvorkehrungen getroffen hat, die regelm\u00e4\u00dfig \u00fcberpr\u00fcft und dem technologischen Fortschritt angepasst werden. Hierzu geh\u00f6rt unter anderem die Verwendung anerkannter Verschlu?sselungsverfahren (SSL oder TLS).<\/p>\n\n\n\n<p><strong>Zugriffsdaten<\/strong><br>Wir, der Websitebetreiber, erheben aufgrund unseres berechtigten Interesses (s. Art. 6 Abs. 1 lit. f. DSGVO) Daten \u00fcber Zugriffe auf die Website und speichern diese als \u201eServer-Logfiles\u201c auf dem Server der Website ab. Folgende Daten werden so protokolliert:<\/p>\n\n\n\n<p>\u2022 Besuchte Website<br>\u2022 Uhrzeit zum Zeitpunkt des Zugriffes<br>\u2022 Menge der gesendeten Daten in Byte<br>\u2022 Quelle\/Verweis, von welchem Sie auf die Seite gelangten<br>\u2022 Verwendeter Browser<br>\u2022 Verwendetes Betriebssystem<br>\u2022 Verwendete IP-Adresse<\/p>\n\n\n\n<p>Sobald die genannten Daten zur Anzeige der Webseite nicht mehr erforderlich sind, werden sie gel\u00f6scht. Die Erfassung der Daten zur Bereitstellung der Webseite und die Speicherung der Daten in Logfiles ist fu?r den Betrieb der Website zwingend erforderlich. Es besteht folglich seitens des Nutzers keine Widerspruchsmo?glichkeit. Eine weitergehende Speicherung kann im Einzelfall dann erfolgen, wenn dies gesetzlich vorgeschrieben ist oder aus Sicherheitsgr\u00fcnden, um z. B. Missbrauchsf\u00e4lle aufkl\u00e4ren zu k\u00f6nnen. M\u00fcssen Daten aus Beweisgr\u00fcnden aufgehoben werden, sind sie solange von der L\u00f6schung ausgenommen bis der Vorfall endg\u00fcltig gekl\u00e4rt ist.<\/p>\n\n\n\n<p><strong>Cookies<\/strong><br>Unsere Website nutzt die sogenannte Cookie-Technologie. Ein Cookie ist eine Information, die von unserem Webserver an Ihren Computer gesendet wird (genau genommen: in Ihrem Browser-Verzeichnis abgelegt wird), sobald Sie die Website besuchen.<br>Der Websitebetreiber verwendet die folgenden Cookies:<br>Session Cookies. Diese Cookies bestehen nur solange, bis Sie Ihre Internetsitzung beenden und Ihren Browser vollst\u00e4ndig schlie\u00dfen. Sie enthalten keinerlei personenbezogene Daten und werden nur zu statistischen Analysen des Interesses an unseren Webseiten eingesetzt.<br>Cookies von Dritten auf unseren Webseiten. Wir gestatten es Dritten, Cookies \u00fcber diese Webseiten auf Ihrem Computer zu platzieren.<\/p>\n\n\n\n<p>Es gibt verschiedene Methoden, auf Ihrem Rechner angelegte Cookies zu unterdr\u00fccken, anzuzeigen und zu entfernen. Dies h\u00e4ngt von dem von Ihnen verwendeten Browser ab. Sollten Sie hierbei Schwierigkeiten haben, empfehlen wir Ihnen, die Website des Herstellers zu konsultieren. Dort werden Sie die ben\u00f6tigten Informationen erhalten. Wenn Sie beschlie\u00dfen, dass keine Cookies auf Ihrem Computer angelegt werden sollen, haben Sie dennoch weiterhin Zugang zum gr\u00f6\u00dften Teil unserer Webseiten. Bei deaktivierten Cookies kann es jedoch zu einer fehlerhaften Darstellung oder zu einer einschr\u00e4nkten Funktionsf\u00e4higkeit unserer Seite kommen.<\/p>\n\n\n\n<p>Alle Daten werden gel\u00f6scht, soweit sie f\u00fcr die Erreichung des Zwecks ihrer Erhebung nicht mehr erforderlich sind. Im Falle der Erfassung der Daten zur Bereitstellung der Website ist dies der Fall, wenn die jeweilige Sitzung beendet ist.<\/p>\n\n\n\n<p>Im Falle der Speicherung der Daten in Logfiles ist dies nach sp\u00e4testens sieben Tage der Fall. Eine dar\u00fcber hinausgehende Speicherung ist m\u00f6glich. Die Erfassung der Daten zur Bereitstellung der Website und die Speicherung der Daten in Logfiles ist f\u00fcr den Betrieb der Internetseite zwingend erforderlich. Es besteht folglich Ihrerseits keine Widerspruchsm\u00f6glichkeit.<\/p>\n\n\n\n<p><strong>Umgang mit Kontaktdaten<\/strong><br>Nehmen Sie mit uns als Websitebetreiber durch die angebotenen Kontaktm\u00f6glichkeiten Verbindung auf, werden Ihre Angaben gespeichert, damit auf diese zur Bearbeitung und Beantwortung Ihrer Anfrage zur\u00fcckgegriffen werden kann. Ohne Ihre Einwilligung werden diese Daten nicht an Dritte weitergegeben.<\/p>\n\n\n\n<p><strong>Google Analytics<\/strong><br>Diese Website nutzt aufgrund unserer berechtigten Interessen zur Optimierung und Analyse unseres Online-Angebots im Sinne des Art. 6 Abs. 1 lit. f. DSGVO den Dienst \u201eGoogle Analytics\u201c, welcher von der Google Inc. (1600 Amphitheatre Parkway Mountain View, CA 94043, USA) angeboten wird. Der Dienst (Google Analytics) verwendet \u201eCookies\u201c \u2013 Textdateien, welche auf Ihrem Endger\u00e4t gespeichert werden. Die durch die Cookies gesammelten Informationen werden im Regelfall an einen Google-Server in den USA gesandt und dort gespeichert.<\/p>\n\n\n\n<p>Google LLC h\u00e4lt das europ\u00e4ische Datenschutzrecht ein und ist unter dem Privacy-Shield-Abkommen zertifiziert: https:\/\/www.privacyshield.gov\/participant?id=a2zt000000001L5AAI&amp;status=Active<\/p>\n\n\n\n<p>Auf dieser Website greift die IP-Anonymisierung. Die IP-Adresse der Nutzer wird innerhalb der Mitgliedsstaaten der EU und des Europ\u00e4ischen Wirtschaftsraum und in den anderen Vertragsstaaten des Abkommens gek\u00fcrzt. Nur in Einzelf\u00e4llen wird die IP-Adresse zun\u00e4chst ungek\u00fcrzt in die USA an einen Server von Google \u00fcbertragen und dort gek\u00fcrzt. Durch diese K\u00fcrzung entf\u00e4llt der Personenbezug Ihrer IP-Adresse. Die vom Browser \u00fcbermittelte IP-Adresse des Nutzers wird nicht mit anderen von Google gespeicherten Daten kombiniert.<\/p>\n\n\n\n<p>Im Rahmen der Vereinbarung zur Auftragsdatenvereinbarung, welche wir als Websitebetreiber mit der Google Inc. geschlossen haben, erstellt diese mithilfe der gesammelten Informationen eine Auswertung der Websitenutzung und der Websiteaktivit\u00e4t und erbringt mit der Internetnutzung verbundene Dienstleistungen.<\/p>\n\n\n\n<p>Die von Google in unserem Auftrag erhobenen Daten werden genutzt, um die Nutzung unseres Online-Angebots durch die einzelnen Nutzer auswerten zu k\u00f6nnen, z. B. um Reports \u00fcber die Aktivit\u00e4t auf der Website zu erstellen, um unser Online-Angebot zu verbessern.<\/p>\n\n\n\n<p>Sie haben die M\u00f6glichkeit, die Speicherung der Cookies auf Ihrem Ger\u00e4t zu verhindern, indem Sie in Ihrem Browser entsprechende Einstellungen vornehmen. Es ist nicht gew\u00e4hrleistet, dass Sie auf alle Funktionen dieser Website ohne Einschr\u00e4nkungen zugreifen k\u00f6nnen, wenn Ihr Browser keine Cookies zul\u00e4sst.<\/p>\n\n\n\n<p>Weiterhin k\u00f6nnen Sie durch ein Browser-Plugin verhindern, dass die durch Cookies gesammelten Informationen (inklusive Ihrer IP-Adresse) an die Google Inc. gesendet und von der Google Inc. genutzt werden. Folgender Link f\u00fchrt Sie zu dem entsprechenden Plugin: https:\/\/tools.google.com\/dlpage\/gaoptout?hl=de<\/p>\n\n\n\n<p>Alternativ verhindern Sie mit einem Klick auf diesen Link (WICHTIG: Opt-Out-Link einf\u00fcgen), dass Google Analytics innerhalb dieser Website Daten \u00fcber Sie erfasst. Mit dem Klick auf obigen Link laden Sie ein \u201eOpt-Out-Cookie\u201c herunter. Ihr Browser muss die Speicherung von Cookies also hierzu grunds\u00e4tzlich erlauben. L\u00f6schen Sie Ihre Cookies regelm\u00e4\u00dfig, ist ein erneuter Klick auf den Link bei jedem Besuch dieser Website vonn\u00f6ten.<\/p>\n\n\n\n<p>Hier finden Sie weitere Informationen zur Datennutzung durch die Google Inc.:<\/p>\n\n\n\n<p>\u2022 https:\/\/policies.google.com\/privacy\/partners?hl=de (Daten, die von Google-Partnern erhoben werden)<br>\u2022 https:\/\/adssettings.google.de\/authenticated (Einstellungen \u00fcber Werbung, die Ihnen angezeigt wird)<br>\u2022 https:\/\/policies.google.com\/technologies\/ads?hl=de (Verwendung von Cookies in Anzeigen)<\/p>\n\n\n\n<p><strong>Google reCaptcha<\/strong><br>Wir verwenden den Google-Dienst reCaptcha, um festzustellen, ob ein Mensch oder ein Computer eine bestimmte Eingabe in unserem Kontakt- oder Newsletter-Formular macht. Google pr\u00fcft anhand folgender Daten, ob Sie ein Mensch oder ein Computer sind: IP-Adresse des verwendeten Endger\u00e4ts, die Webseite, die Sie bei uns besuchen und auf der das Captcha eingebunden ist, das Datum und die Dauer des Besuchs, die Erkennungsdaten des verwendeten Browser- und Betriebssystem-Typs, Google-Account, wenn Sie bei Google eingeloggt sind, Mausbewegungen auf den reCaptcha-Fl\u00e4chen sowie Aufgaben, bei denen Sie Bilder identifizieren m\u00fcssen. Rechtsgrundlage f\u00fcr die beschriebene Datenverarbeitung ist Art. 6 Abs. 1 Buchstabe f Datenschutz-Grundverordnung. Es besteht ein berechtigtes Interesse auf unserer Seite an dieser Datenverarbeitung, die Sicherheit unserer Webseite zu gew\u00e4hrleisten und uns vor automatisierten Eingaben (Angriffen) zu sch\u00fctzen.<br>Einbindung von YouTube-Videos<br>Wir haben YouTube-Videos in unser Online-Angebot eingebunden, die auf http:\\\\www.youtube.com gespeichert sind und von unserer Webseite aus direkt abrufbar sind. Diese sind alle im \u201eerweiterten Datenschutz-Modus\u201c eingebunden, d.h. dass keine Daten \u00fcber Sie als Nutzer ein YouTube \u00fcbertragen werden, wenn Sie die Videos nicht abspielen. Erst wenn Sie die Videos abspielen, werden die unten genannten Daten \u00fcbertragen. Auf diese Daten\u00fcbertragung haben wir keinen Einfluss.<br>Durch den Besuch auf der Website erh\u00e4lt YouTube die Information, dass Sie die entsprechende Unterseite unserer Website aufgerufen haben. Zudem werden die unter dem n\u00e4chsten Absatz dieser Erkl\u00e4rung genannten Daten \u00fcbermittelt. Dies erfolgt unabh\u00e4ngig davon, ob YouTube ein Benutzerkonto bereitstellt, \u00fcber das Sie eingeloggt sind, oder ob kein Benutzerkonto besteht. Wenn Sie \u00fcber Google eingeloggt sind, werden Ihre Daten direkt Ihrem Konto zugeordnet. Wenn Sie die Zuordnung mit Ihrem Profil bei YouTube nicht w\u00fcnschen, m\u00fcssen Sie sich vor der Aktivierung des Buttons ausloggen. YouTube speichert Ihre Daten als Nutzungsprofile und nutzt sie f\u00fcr Zwecke der Werbung, Marktforschung und\/oder bedarfsgerechten Gestaltung seiner Website. Eine solche Auswertung erfolgt insbesondere (selbst f\u00fcr nicht eingeloggte Nutzer) zur Erbringung von bedarfsgerechter Werbung und um andere Nutzer des sozialen Netzwerks \u00fcber Ihre Aktivit\u00e4ten auf unserer Website zu informieren. Ihnen steht ein Widerspruchsrecht zu gegen die Bildung dieser Nutzerprofile, wobei sie sich zur Aus\u00fcbung dessen an YouTube richten m\u00fcssen.<br>Weitere Informationen zu Zweck und Umfang der Datenerhebung und ihrer Verarbeitung durch YouTube erhalten Sie in der Datenschutzerkl\u00e4rung. Dort erhalten Sie auch weitere Informationen zu Ihren Rechten und Einstellungsm\u00f6glichkeiten zum Schutz Ihrer Privatsph\u00e4re: https:\/\/www.google.de\/intl\/de\/policies\/privacy. Google verarbeitet personenbezogene Daten auch in den USA und hat sich dem EU-US-Privacy-Shield unterworfen, https\/\/www.privacyshield.gov\/EU-US-Framework.<\/p>\n\n\n\n<p><strong>Newsletter-Abonnement<\/strong><br>Wir bieten Ihnen einen Newsletter an, in wir Sie \u00fcber aktuelle Geschehnisse und Auftritte rund um BluesHotel informieren. M\u00f6chten Sie den Newsletter abonnieren, m\u00fcssen Sie eine valide E-Mail-Adresse angeben. Wenn Sie den Newsletter abonnieren, erkl\u00e4ren Sie sich mit dem Newsletter-Empfang und den erl\u00e4uterten Verfahren einverstanden.<\/p>\n\n\n\n<p>Die Newsletter-Erstellung erfolgt mittels des WordPress-Plugins \u201eThe Newsletter Plugin\u201c der Firma Web Agile S.a.s. di Fietta Roberto aus Italien. Informationen \u00fcber die Datenschutzbestimmungen des Dienstleisters erhalten Sie unter: https:\/\/www.thenewsletterplugin.com\/documentation\/gdpr-compliancy.<br>Das Newsletter-Plugin speichert die Abonnentendaten lediglich in der WordPress-Datenbank unseres Webhosting-Dienstleisters und \u00fcbertr\u00e4gt diese Daten weder auf seine Datenbank noch auf einen Dritten.<\/p>\n\n\n\n<p>Der Newsletter-Versand erfolgt \u00fcber unseren Website-Host die Host Europe GmbH.<\/p>\n\n\n\n<p>Widerruf und K\u00fcndigung: Ihre Einwilligung zum Erhalt des Newsletter k\u00f6nnen Sie jederzeit widerrufen und somit das Newsletter-Abonnement k\u00fcndigen. Nach Ihrer K\u00fcndigung erfolgt die L\u00f6schung Ihre personenbezogenen Daten. Ihre Einwilligung in den Newsletterversand erlischt gleichzeitig. Am Ende jedes Newsletters finden Sie den Link zur K\u00fcndigung.<\/p>\n\n\n\n<p>Es werden nur Daten erhoben, die zwingend zur Nutzung des Newsletters erforderlich sind. Die Daten werden f\u00fcr die Zeit der Nutzung des Dienstes gespeichert und bei L\u00f6schung des Accounts oder bei Entfall der Notwendigkeit einer Speicherung entfernt. Bei einer Registrierung f\u00fcr den Newsletter werden alle Daten gespeichert, die Sie freiwillig eingeben. Die IP-Adressen werden von uns gespeichert. Die Speicherung erfolgt aufgrund unserer berechtigten Interessen im Sinne des Art. 6 Abs. 1 lit. f. DSGVO.<\/p>\n\n\n\n<p><strong>G\u00e4stebuch<\/strong><br>Personenbezogene Daten, die im Rahmen der Nutzung des G\u00e4stebuch-Wordpress\u2013Plugin-Service \u201eGwolle Guestbook\u201c erfasst oder verarbeitet wurden, werden nicht f\u00fcr Werbezwecke missbraucht, verkauft oder an Dritte weitergegeben, sofern wir nicht durch den Beschluss einer deutschen Beh\u00f6rde oder im Verlauf einer polizeilichen Ermittlung zur Herausgabe von Nutzerdaten verpflichtet sind. Alle gespeicherten Daten werden ausschlie\u00dflich f\u00fcr den vom Nutzer gew\u00e4hlten Dienst verwendet, eine weitere Verwendung findet ohne ausdr\u00fcckliches Einverst\u00e4ndnis des Nutzers nicht statt.<\/p>\n\n\n\n<p>Es werden nur Daten erhoben, die zwingend zur Nutzung des G\u00e4stebuchs erforderlich sind. Die Daten werden f\u00fcr die Zeit der Nutzung des Dienstes gespeichert und bei L\u00f6schung des Accounts oder bei Entfall der Notwendigkeit einer Speicherung entfernt. Bei einem Eintrag in das G\u00e4stebuch werden alle Daten gespeichert, die Sie freiwillig eingeben. Die IP-Adressen werden von uns gespeichert. Die Speicherung erfolgt aufgrund unserer berechtigten Interessen im Sinne des Art. 6 Abs. 1 lit. f. DSGVO und dient unserer Sicherheit als Websitebetreiber: Denn sollte Ihr Kommentar gegen geltendes Recht versto\u00dfen, k\u00f6nnen wir daf\u00fcr belangt werden, weshalb wir ein Interesse an der Identit\u00e4t des Kommentar- bzw. Beitragsautors haben.<br>Ihre Beitr\u00e4ge in unserem G\u00e4stebuch sind f\u00fcr jeden zug\u00e4nglich. Bitte \u00fcberpr\u00fcfen Sie ihre Eintr\u00e4ge vor einer Ver\u00f6ffentlichung, ob etwa Angaben enthalten sind, die nicht unbedingt f\u00fcr die \u00d6ffentlichkeit bestimmt sind. G\u00e4steb\u00fccher werden in vielen F\u00e4llen auch von Suchmaschinen wie etwa Google erfasst.<br>Sollten Sie im Nachhinein mit ihrem Eintrag unzufrieden sein, k\u00f6nnen Sie eine L\u00f6schung per Email an info aett blueshotel punkt de einleiten.<\/p>\n\n\n\n<p><strong>Rechte des Nutzers<\/strong><br>Sie haben als Nutzer das Recht, auf Antrag eine kostenlose Auskunft dar\u00fcber zu erhalten, welche personenbezogenen Daten \u00fcber Sie gespeichert wurden. Sie haben au\u00dferdem das Recht auf Berichtigung falscher Daten und auf die Verarbeitungseinschr\u00e4nkung oder L\u00f6schung Ihrer personenbezogenen Daten. Falls zutreffend, k\u00f6nnen Sie auch Ihr Recht auf Datenportabilit\u00e4t geltend machen. Sollten Sie annehmen, dass Ihre Daten unrechtm\u00e4\u00dfig verarbeitet wurden, k\u00f6nnen Sie eine Beschwerde bei der zust\u00e4ndigen Aufsichtsbeh\u00f6rde einreichen.<\/p>\n\n\n\n<p><strong>L\u00f6schung von Daten<\/strong><br>Sofern Ihr Wunsch nicht mit einer gesetzlichen Pflicht zur Aufbewahrung von Daten (z. B. Vorratsdatenspeicherung) kollidiert, haben Sie ein Anrecht auf L\u00f6schung Ihrer Daten. Von uns gespeicherte Daten werden, sollten sie f\u00fcr ihre Zweckbestimmung nicht mehr vonn\u00f6ten sein und es keine gesetzlichen Aufbewahrungsfristen geben, gel\u00f6scht. Falls eine L\u00f6schung nicht durchgef\u00fchrt werden kann, da die Daten f\u00fcr zul\u00e4ssige gesetzliche Zwecke erforderlich sind, erfolgt eine Einschr\u00e4nkung der Datenverarbeitung. In diesem Fall werden die Daten gesperrt und nicht f\u00fcr andere Zwecke verarbeitet.<\/p>\n\n\n\n<p><strong>Widerspruchsrecht<\/strong><br>Nutzer dieser Webseite k\u00f6nnen von ihrem Widerspruchsrecht Gebrauch machen und der Verarbeitung ihrer personenbezogenen Daten zu jeder Zeit widersprechen.<\/p>\n\n\n\n<p>Wenn Sie eine Berichtigung, Sperrung, L\u00f6schung oder Auskunft \u00fcber die zu Ihrer Person gespeicherten personenbezogenen Daten w\u00fcnschen oder Fragen bzgl. der Erhebung, Verarbeitung oder Verwendung Ihrer personenbezogenen Daten haben oder erteilte Einwilligungen widerrufen m\u00f6chten, wenden Sie sich bitte an folgende E-Mail-Adresse: info aett blueshotel punkt de.<\/p>\n","protected":false},"excerpt":{"rendered":"<p>GrundlegendesDiese Datenschutzerkl\u00e4rung soll die Nutzer dieser WordPress-Website \u00fcber die Art, den Umfang und den Zweck der Erhebung und Verwendung personenbezogener Daten durch den Websitebetreiber Matthias Mautner, c\/o Redbox, KR2, Neckarauer Str. 14, 68199 Mannheim, info aett blueshotel punkt de informieren. Der Websitebetreiber nimmt Ihren Datenschutz sehr ernst und behandelt Ihre personenbezogenen Daten vertraulich und entsprechend [&hellip;]<\/p>\n","protected":false},"author":2,"featured_media":0,"parent":0,"menu_order":11,"comment_status":"closed","ping_status":"closed","template":"","meta":{"footnotes":""},"class_list":["post-1370","page","type-page","status-publish","hentry"],"_links":{"self":[{"href":"https:\/\/www.blueshotel.de\/index.php?rest_route=\/wp\/v2\/pages\/1370","targetHints":{"allow":["GET"]}}],"collection":[{"href":"https:\/\/www.blueshotel.de\/index.php?rest_route=\/wp\/v2\/pages"}],"about":[{"href":"https:\/\/www.blueshotel.de\/index.php?rest_route=\/wp\/v2\/types\/page"}],"author":[{"embeddable":true,"href":"https:\/\/www.blueshotel.de\/index.php?rest_route=\/wp\/v2\/users\/2"}],"replies":[{"embeddable":true,"href":"https:\/\/www.blueshotel.de\/index.php?rest_route=%2Fwp%2Fv2%2Fcomments&post=1370"}],"version-history":[{"count":1,"href":"https:\/\/www.blueshotel.de\/index.php?rest_route=\/wp\/v2\/pages\/1370\/revisions"}],"predecessor-version":[{"id":1371,"href":"https:\/\/www.blueshotel.de\/index.php?rest_route=\/wp\/v2\/pages\/1370\/revisions\/1371"}],"wp:attachment":[{"href":"https:\/\/www.blueshotel.de\/index.php?rest_route=%2Fwp%2Fv2%2Fmedia&parent=1370"}],"curies":[{"name":"wp","href":"https:\/\/api.w.org\/{rel}","templated":true}]}}