{"id":12,"date":"2008-07-21T17:13:57","date_gmt":"2008-07-21T22:13:57","guid":{"rendered":"http:\/\/www.blueshotel.de\/?page_id=12"},"modified":"2026-04-16T21:30:37","modified_gmt":"2026-04-16T20:30:37","slug":"live","status":"publish","type":"page","link":"https:\/\/www.blueshotel.de\/?page_id=12","title":{"rendered":"Live"},"content":{"rendered":"<table border=\"0\" cellspacing=\"10\">\n<tbody>\n<tr>\n<td>\n<h4>Events<\/h4>\n<\/td>\n<\/tr>\n<tr>\n<td valign=\"top\">16.10.26 Ratskeller, B\u00fcrstadt<\/p>\n<p>16.08.26 Altes Kelterhaus, Alsheim<\/p>\n<p>15.08.26 Badesee, Heddesheim<\/p>\n<p>17.07.26 Kanu Club, Lampertheim<\/p>\n<p><strong>18.04.26 Et Cetera, Hockenheim<\/strong><\/p>\n<p>05.02.26 Schatzkistl, Mannheim<\/p>\n<p>27.12.25 Silvia&#8217;s Pub, Daisbach<br \/>\n19.12.25 Jazzclub, Wiesloch<br \/>\n13.12.25 Cafe Newcastle, Neuschloss\/Lampertheim<br \/>\n12.12.25 Heimatrock, Ladenburg<br \/>\n29.11.25 McSlobos, Bensheim<br \/>\n03.10.25 Halbersbacher Schubkarchstand, Bad D\u00fcrkheim<br \/>\n28.09.25 Luisenpark, Mannheim<br \/>\n27.09.25 Altes Kelterhaus, Alsheim<br \/>\n21.09.25 Halbersbacher Schubkarchstand, Bad D\u00fcrkheim<br \/>\n02.08.25 Campingplatz, Neckargem\u00fcnd<br \/>\n29.06.25 Heimatrock, Ladenburg<br \/>\n09.05.25 Heimatrock, Ladenburg<br \/>\n13.04.25 Halbersbacher Schubkarchstand, Bad D\u00fcrkheim<br \/>\n15.03.25 Silvia&#8217;s Pub, Daisbach<br \/>\n31.01.25 Heimatrock, Ladenburg<br \/>\n30.11.24 McSlobos, Bensheim<br \/>\n05.10.24 Et Cetera, Hockenheim<br \/>\n29.09.24 Heimatrock, Ladenburg<br \/>\n31.08.24 Bistro am R\u00f6mer, Lampertheim<br \/>\n12.07.24 Wein trifft Kultur, Kanu-Club Lampertheim<br \/>\n29.06.24 Sommerspektakel, Heidelberg<br \/>\n16.06.24 Martin Luther-Gemeinde, Lampertheim<br \/>\n01.05.24 Halbersbacher Schubkarchstand, Bad D\u00fcrkheim<br \/>\n12.04.24 Heimatrock, Ladenburg<br \/>\n04.04.24 Hotel Duwakschopp, Herxheim<br \/>\n07.03.24 Schatzkistl, Mannheim<\/td>\n<\/tr>\n<\/tbody>\n<\/table>\n<table border=\"0\" cellspacing=\"10\">\n<tbody>\n<tr>\n<td>\n<h4>Event History<\/h4>\n<\/td>\n<\/tr>\n<tr>\n<td><a href=\"http:\/\/www.blueshotel.de\/wordpress\/wp-content\/uploads\/2025\/11\/BluesHotel-Event-History.pdf\">BluesHotel Event History<\/a><\/td>\n<\/tr>\n<\/tbody>\n<tbody>\n<tr>\n<td>\n<h4>Technik<\/h4>\n<\/td>\n<\/tr>\n<tr>\n<td><a href=\"http:\/\/www.blueshotel.de\/wordpress\/wp-content\/uploads\/live\/BluesHotel Technical Rider.pdf\" target=\"_blank\" rel=\"noopener noreferrer\">Technical Rider.pdf<\/a><\/td>\n<\/tr>\n<tr>\n<td><img loading=\"lazy\" decoding=\"async\" src=\"http:\/\/www.blueshotel.de\/wordpress\/wp-content\/themes\/fallseason\/images\/pdf.jpg\" alt=\"\" width=\"30\" height=\"30\" align=\"left\" hspace=\"2\" vspace=\"2\" \/> Um diese beiden Dateien \u00f6ffnen zu k\u00f6nnen, ben\u00f6tigen Sie den Adobe Acrobat Reader.<br \/>\n<a href=\"http:\/\/get.adobe.com\/de\/reader\/\" target=\"_blank\" rel=\"noopener noreferrer\">Adobe Acrobat Reader downloaden<\/a><\/td>\n<\/tr>\n<\/tbody>\n<\/table>\n","protected":false},"excerpt":{"rendered":"<p>Events 16.10.26 Ratskeller, B\u00fcrstadt 16.08.26 Altes Kelterhaus, Alsheim 15.08.26 Badesee, Heddesheim 17.07.26 Kanu Club, Lampertheim 18.04.26 Et Cetera, Hockenheim 05.02.26 Schatzkistl, Mannheim 27.12.25 Silvia&#8217;s Pub, Daisbach 19.12.25 Jazzclub, Wiesloch 13.12.25 Cafe Newcastle, Neuschloss\/Lampertheim 12.12.25 Heimatrock, Ladenburg 29.11.25 McSlobos, Bensheim 03.10.25 Halbersbacher Schubkarchstand, Bad D\u00fcrkheim 28.09.25 Luisenpark, Mannheim 27.09.25 Altes Kelterhaus, Alsheim 21.09.25 Halbersbacher Schubkarchstand, Bad [&hellip;]<\/p>\n","protected":false},"author":1,"featured_media":0,"parent":0,"menu_order":5,"comment_status":"closed","ping_status":"closed","template":"","meta":{"footnotes":""},"class_list":["post-12","page","type-page","status-publish","hentry"],"_links":{"self":[{"href":"https:\/\/www.blueshotel.de\/index.php?rest_route=\/wp\/v2\/pages\/12","targetHints":{"allow":["GET"]}}],"collection":[{"href":"https:\/\/www.blueshotel.de\/index.php?rest_route=\/wp\/v2\/pages"}],"about":[{"href":"https:\/\/www.blueshotel.de\/index.php?rest_route=\/wp\/v2\/types\/page"}],"author":[{"embeddable":true,"href":"https:\/\/www.blueshotel.de\/index.php?rest_route=\/wp\/v2\/users\/1"}],"replies":[{"embeddable":true,"href":"https:\/\/www.blueshotel.de\/index.php?rest_route=%2Fwp%2Fv2%2Fcomments&post=12"}],"version-history":[{"count":64,"href":"https:\/\/www.blueshotel.de\/index.php?rest_route=\/wp\/v2\/pages\/12\/revisions"}],"predecessor-version":[{"id":1472,"href":"https:\/\/www.blueshotel.de\/index.php?rest_route=\/wp\/v2\/pages\/12\/revisions\/1472"}],"wp:attachment":[{"href":"https:\/\/www.blueshotel.de\/index.php?rest_route=%2Fwp%2Fv2%2Fmedia&parent=12"}],"curies":[{"name":"wp","href":"https:\/\/api.w.org\/{rel}","templated":true}]}}